{"id":6,"date":"2019-07-09T13:15:53","date_gmt":"2019-07-09T13:15:53","guid":{"rendered":"http:\/\/demo.motothemes.co\/netw11\/hosting-company\/?page_id=6"},"modified":"2025-08-12T16:30:08","modified_gmt":"2025-08-12T21:30:08","slug":"about","status":"publish","type":"page","link":"https:\/\/ilusabana.com\/index.php\/about\/","title":{"rendered":"Quienes Somos"},"content":{"rendered":"<p>[vc_row css=&#8221;.vc_custom_1562743262388{background-position: center !important;background-repeat: no-repeat !important;background-size: cover !important;}&#8221;][vc_column width=&#8221;1\/2&#8243; css=&#8221;.vc_custom_1562743951430{padding-top: 0px !important;}&#8221;]<section class=\"motov4_fancy_heading text-left no_border motov4_69e1d84e0c63f\"><h1>Misi\u00f3n<\/h1><\/section><div class=\"motov4_spacer_69e1d84e0c671\"><\/div>[vc_column_text css=&#8221;.vc_custom_1677901271404{margin-bottom: 25px !important;}&#8221;]Prestar el servicio de alumbrado p\u00fablico de manera eficiente, con el fin de satisfacer las necesidades de nuestros clientes y partes interesadas, contribuyendo al mejoramiento de la calidad de vida de los ciudadanos, a trav\u00e9s de un servicio innovador y eficiente, con responsabilidad social y ambiental.[\/vc_column_text]<div class=\"motov4_spacer_69e1d84e0c67b\"><\/div>[\/vc_column][vc_column width=&#8221;1\/2&#8243; css=&#8221;.vc_custom_1562743947904{padding-top: 0px !important;}&#8221;]<div class=\"motov4_spacer_69e1d84e0c685\"><\/div>[vc_single_image image=&#8221;170&#8243; img_size=&#8221;medium&#8221;]<div class=\"motov4_spacer_69e1d84e0c68c\"><\/div>[\/vc_column][\/vc_row][vc_row css=&#8221;.vc_custom_1562743262388{background-position: center !important;background-repeat: no-repeat !important;background-size: cover !important;}&#8221;][vc_column width=&#8221;1\/2&#8243; css=&#8221;.vc_custom_1562743951430{padding-top: 0px !important;}&#8221;]<section class=\"motov4_fancy_heading text-left no_border motov4_69e1d84e0c699\"><h1>Visi\u00f3n<\/h1><\/section><div class=\"motov4_spacer_69e1d84e0c6a7\"><\/div>[vc_column_text css=&#8221;.vc_custom_1677901770899{margin-bottom: 25px !important;}&#8221;]Ser una organizaci\u00f3n l\u00edder en nuestra regi\u00f3n, reconocida por la gesti\u00f3n inteligente de los sistemas de alumbrado p\u00fablico, comprometida con el desarrollo sostenible, el uso racional de la energ\u00eda y la seguridad y la salud en el trabajo.[\/vc_column_text]<div class=\"motov4_spacer_69e1d84e0c6ae\"><\/div>[\/vc_column][vc_column width=&#8221;1\/2&#8243; css=&#8221;.vc_custom_1562743947904{padding-top: 0px !important;}&#8221;]<div class=\"motov4_spacer_69e1d84e0c6b6\"><\/div>[vc_single_image image=&#8221;175&#8243; img_size=&#8221;medium&#8221;]<div class=\"motov4_spacer_69e1d84e0c6bc\"><\/div>[\/vc_column][\/vc_row][vc_row css=&#8221;.vc_custom_1562743262388{background-position: center !important;background-repeat: no-repeat !important;background-size: cover !important;}&#8221;][vc_column width=&#8221;1\/2&#8243; css=&#8221;.vc_custom_1562743951430{padding-top: 0px !important;}&#8221;]<section class=\"motov4_fancy_heading text-left no_border motov4_69e1d84e0c6c9\"><h1>Objeto<\/h1><\/section><div class=\"motov4_spacer_69e1d84e0c6d5\"><\/div>[vc_column_text css=&#8221;.vc_custom_1677901882838{margin-bottom: 25px !important;}&#8221;][\/vc_column_text]<div class=\"motov4_spacer_69e1d84e0c6da\"><\/div>[\/vc_column][vc_column width=&#8221;1\/2&#8243; css=&#8221;.vc_custom_1562743947904{padding-top: 0px !important;}&#8221;]<div class=\"motov4_spacer_69e1d84e0c6e1\"><\/div>[vc_single_image image=&#8221;181&#8243; img_size=&#8221;medium&#8221;]<div class=\"motov4_spacer_69e1d84e0c6e6\"><\/div>[\/vc_column][\/vc_row]<\/p>\n","protected":false},"excerpt":{"rendered":"<p>[vc_row css=&#8221;.vc_custom_1562743262388{background-position: center !important;background-repeat: no-repeat !important;background-size: cover !important;}&#8221;][vc_column width=&#8221;1\/2&#8243; css=&#8221;.vc_custom_1562743951430{padding-top: 0px !important;}&#8221;][vc_column_text css=&#8221;.vc_custom_1677901271404{margin-bottom: 25px !important;}&#8221;]Prestar el servicio de alumbrado p\u00fablico.<\/p>\n","protected":false},"author":1,"featured_media":0,"parent":0,"menu_order":0,"comment_status":"closed","ping_status":"closed","template":"","meta":{"footnotes":""},"class_list":["post-6","page","type-page","status-publish","hentry"],"_links":{"self":[{"href":"https:\/\/ilusabana.com\/index.php\/wp-json\/wp\/v2\/pages\/6","targetHints":{"allow":["GET"]}}],"collection":[{"href":"https:\/\/ilusabana.com\/index.php\/wp-json\/wp\/v2\/pages"}],"about":[{"href":"https:\/\/ilusabana.com\/index.php\/wp-json\/wp\/v2\/types\/page"}],"author":[{"embeddable":true,"href":"https:\/\/ilusabana.com\/index.php\/wp-json\/wp\/v2\/users\/1"}],"replies":[{"embeddable":true,"href":"https:\/\/ilusabana.com\/index.php\/wp-json\/wp\/v2\/comments?post=6"}],"version-history":[{"count":11,"href":"https:\/\/ilusabana.com\/index.php\/wp-json\/wp\/v2\/pages\/6\/revisions"}],"predecessor-version":[{"id":183,"href":"https:\/\/ilusabana.com\/index.php\/wp-json\/wp\/v2\/pages\/6\/revisions\/183"}],"wp:attachment":[{"href":"https:\/\/ilusabana.com\/index.php\/wp-json\/wp\/v2\/media?parent=6"}],"curies":[{"name":"wp","href":"https:\/\/api.w.org\/{rel}","templated":true}]}}